{"id":85,"date":"2018-01-09T09:22:34","date_gmt":"2018-01-09T08:22:34","guid":{"rendered":"http:\/\/www.ilariastyle.it\/blog\/?page_id=85"},"modified":"2018-03-21T17:12:20","modified_gmt":"2018-03-21T16:12:20","slug":"chi-sono","status":"publish","type":"page","link":"https:\/\/www.ilariastyle.it\/blog\/chi-sono\/","title":{"rendered":"Chi sono"},"content":{"rendered":"<p><img loading=\"lazy\" decoding=\"async\" class=\"aligncenter wp-image-86\" src=\"https:\/\/www.ilariastyle.it\/blog\/wp-content\/uploads\/2018\/01\/IMG_20171208_150925-225x300.jpg\" alt=\"\" width=\"142\" height=\"189\" \/><\/p>\n<p>Salve,\u00a0mi presento<\/p>\n<p>il mio nome \u00e8 Ilaria, amo tutto quello che riesco a fare con le mie mani.<\/p>\n<p>Non metto mai limite alla fantasia, che si tratti del classico lavoro a maglia, all&#8217;uncinetto e al Chiacchierino, oppure di imparare a creare da sola il mio sito web. Sono una divoratrice di novit\u00e0, in particolare tecnologiche, ma non disdegno tutto quello che riguarda il legno (altra mia grande passione sin da quando ero una bambina).<\/p>\n<p>Sono laureata in Sociologia, ma ironia della sorte, io che la societ\u00e0 la studio, non sono mai riuscita a trovare il mio posto in essa, se non in modo precario e temporaneo.<\/p>\n<p>\u00c8 stato cos\u00ec che col passare del tempo ho deciso di trasformare le mie passioni e quelli che ho sempre definito &#8220;hobby&#8221; in qualcosa di pi\u00f9. Ho imparato che non sempre la vita ti porta dove ti aspetti. Non abbandoner\u00f2 mai la Sociologia, \u00e8 la mia vita, ma se prima era la mia priorit\u00e0 adesso ha acquisito un posto in seconda fila.<\/p>\n","protected":false},"excerpt":{"rendered":"<p>Salve,\u00a0mi presento il mio nome \u00e8 Ilaria, amo tutto quello che riesco a fare con le mie mani. Non metto<\/p>\n","protected":false},"author":1,"featured_media":138,"parent":0,"menu_order":0,"comment_status":"closed","ping_status":"closed","template":"","meta":{"footnotes":""},"class_list":["post-85","page","type-page","status-publish","has-post-thumbnail","hentry"],"_links":{"self":[{"href":"https:\/\/www.ilariastyle.it\/blog\/wp-json\/wp\/v2\/pages\/85","targetHints":{"allow":["GET"]}}],"collection":[{"href":"https:\/\/www.ilariastyle.it\/blog\/wp-json\/wp\/v2\/pages"}],"about":[{"href":"https:\/\/www.ilariastyle.it\/blog\/wp-json\/wp\/v2\/types\/page"}],"author":[{"embeddable":true,"href":"https:\/\/www.ilariastyle.it\/blog\/wp-json\/wp\/v2\/users\/1"}],"replies":[{"embeddable":true,"href":"https:\/\/www.ilariastyle.it\/blog\/wp-json\/wp\/v2\/comments?post=85"}],"version-history":[{"count":4,"href":"https:\/\/www.ilariastyle.it\/blog\/wp-json\/wp\/v2\/pages\/85\/revisions"}],"predecessor-version":[{"id":192,"href":"https:\/\/www.ilariastyle.it\/blog\/wp-json\/wp\/v2\/pages\/85\/revisions\/192"}],"wp:featuredmedia":[{"embeddable":true,"href":"https:\/\/www.ilariastyle.it\/blog\/wp-json\/wp\/v2\/media\/138"}],"wp:attachment":[{"href":"https:\/\/www.ilariastyle.it\/blog\/wp-json\/wp\/v2\/media?parent=85"}],"curies":[{"name":"wp","href":"https:\/\/api.w.org\/{rel}","templated":true}]}}